{"id":477,"date":"2015-10-26T04:57:48","date_gmt":"2015-10-26T04:57:48","guid":{"rendered":"http:\/\/test.loc\/?page_id=477"},"modified":"2023-07-07T18:43:22","modified_gmt":"2023-07-07T18:43:22","slug":"services","status":"publish","type":"page","link":"https:\/\/autodavid.com\/fr\/services","title":{"rendered":"Services"},"content":{"rendered":"<div data-elementor-type=\"wp-page\" data-elementor-id=\"477\" class=\"elementor elementor-477\">\n\t\t\t\t\t\t<section class=\"elementor-section elementor-top-section elementor-element elementor-element-0313def elementor-section-boxed elementor-section-height-default elementor-section-height-default\" data-id=\"0313def\" data-element_type=\"section\" data-e-type=\"section\">\n\t\t\t\t\t\t<div class=\"elementor-container elementor-column-gap-default\">\n\t\t\t\t\t<div class=\"elementor-column elementor-col-66 elementor-top-column elementor-element elementor-element-5113fef\" data-id=\"5113fef\" data-element_type=\"column\" data-e-type=\"column\">\n\t\t\t<div class=\"elementor-widget-wrap elementor-element-populated\">\n\t\t\t\t\t\t<div class=\"elementor-element elementor-element-25ae8d5 elementor-widget elementor-widget-text-editor\" data-id=\"25ae8d5\" data-element_type=\"widget\" data-e-type=\"widget\" data-widget_type=\"text-editor.default\">\n\t\t\t\t<div class=\"elementor-widget-container\">\n\t\t\t\t\t\t\t\t\t<h2><span style=\"color: #cc6119;\">CENTRE <\/span>DE PI\u00c8CES<\/h2>\t\t\t\t\t\t\t\t<\/div>\n\t\t\t\t<\/div>\n\t\t\t\t<div class=\"elementor-element elementor-element-4ff29a5 elementor-widget elementor-widget-text-editor\" data-id=\"4ff29a5\" data-element_type=\"widget\" data-e-type=\"widget\" data-widget_type=\"text-editor.default\">\n\t\t\t\t<div class=\"elementor-widget-container\">\n\t\t\t\t\t\t\t\t\t<p>Avec plus de 25 ans d&#039;exp\u00e9rience, notre centre de service offre des diagnostics et des r\u00e9parations de qualit\u00e9 \u00e0 des prix raisonnables.<\/p><p>Pour plus d&#039;informations, demandez un devis. Laissez-nous votre nom et num\u00e9ro de t\u00e9l\u00e9phone, l&#039;ann\u00e9e, la marque et le mod\u00e8le de votre v\u00e9hicule, ainsi qu&#039;une description de la r\u00e9paration. Nous vous r\u00e9pondrons d\u00e8s que possible.<\/p>\t\t\t\t\t\t\t\t<\/div>\n\t\t\t\t<\/div>\n\t\t\t\t<div class=\"elementor-element elementor-element-aeb1db2 elementor-widget elementor-widget-stm-contact-form-seven\" data-id=\"aeb1db2\" data-element_type=\"widget\" data-e-type=\"widget\" data-widget_type=\"stm-contact-form-seven.default\">\n\t\t\t\t<div class=\"elementor-widget-container\">\n\t\t\t\t\t\n<div class=\"stm-elementor-contact-form-seven\" id=\"single_contact_form_25324\">\n\t<div class=\"icon-title\">\n\t\t\t<\/div>\n\n\t\n\t\n<div class=\"wpcf7 no-js\" id=\"wpcf7-f7-o1\" lang=\"en-US\" dir=\"ltr\" data-wpcf7-id=\"7\">\n<div class=\"screen-reader-response\"><p role=\"status\" aria-live=\"polite\" aria-atomic=\"true\"><\/p> <ul><\/ul><\/div>\n<form action=\"\/fr\/wp-json\/wp\/v2\/pages\/477#wpcf7-f7-o1\" method=\"post\" class=\"wpcf7-form init\" aria-label=\"Formulaire de contact\" novalidate=\"novalidate\" data-status=\"init\" data-trp-original-action=\"\/fr\/wp-json\/wp\/v2\/pages\/477#wpcf7-f7-o1\">\n<fieldset class=\"hidden-fields-container\"><input type=\"hidden\" name=\"_wpcf7\" value=\"7\" \/><input type=\"hidden\" name=\"_wpcf7_version\" value=\"6.1.5\" \/><input type=\"hidden\" name=\"_wpcf7_locale\" value=\"en_US\" \/><input type=\"hidden\" name=\"_wpcf7_unit_tag\" value=\"wpcf7-f7-o1\" \/><input type=\"hidden\" name=\"_wpcf7_container_post\" value=\"0\" \/><input type=\"hidden\" name=\"_wpcf7_posted_data_hash\" value=\"\" \/>\n<\/fieldset>\n<label> Nom\n    <span class=\"wpcf7-form-control-wrap\" data-name=\"your-name\"><input size=\"40\" maxlength=\"400\" class=\"wpcf7-form-control wpcf7-text wpcf7-validates-as-required\" autocomplete=\"name\" aria-required=\"true\" aria-invalid=\"false\" value=\"\" type=\"text\" name=\"your-name\" \/><\/span> <\/label>\n\n<label> Courriel\n    <span class=\"wpcf7-form-control-wrap\" data-name=\"your-email\"><input size=\"40\" maxlength=\"400\" class=\"wpcf7-form-control wpcf7-email wpcf7-validates-as-required wpcf7-text wpcf7-validates-as-email\" autocomplete=\"email\" aria-required=\"true\" aria-invalid=\"false\" value=\"\" type=\"email\" name=\"your-email\" \/><\/span> <\/label>\n\n<label> Sujet\n    <span class=\"wpcf7-form-control-wrap\" data-name=\"your-subject\"><input size=\"40\" maxlength=\"400\" class=\"wpcf7-form-control wpcf7-text wpcf7-validates-as-required\" aria-required=\"true\" aria-invalid=\"false\" value=\"\" type=\"text\" name=\"your-subject\" \/><\/span> <\/label>\n\n<label> Message\n    <span class=\"wpcf7-form-control-wrap\" data-name=\"your-message\"><textarea cols=\"40\" rows=\"10\" maxlength=\"2000\" class=\"wpcf7-form-control wpcf7-textarea\" aria-invalid=\"false\" name=\"your-message\"><\/textarea><\/span> <\/label>\n\n<input class=\"wpcf7-form-control wpcf7-submit has-spinner\" type=\"submit\" value=\"Envoyer\" \/><div class=\"wpcf7-response-output\" aria-hidden=\"true\"><\/div>\n<input type=\"hidden\" name=\"trp-form-language\" value=\"fr\"\/><\/form>\n<\/div>\n\t<\/div>\n\n\t\t\t\t<\/div>\n\t\t\t\t<\/div>\n\t\t\t\t\t<\/div>\n\t\t<\/div>\n\t\t\t\t<div class=\"elementor-column elementor-col-33 elementor-top-column elementor-element elementor-element-e1a9776 elementor-hidden-tablet elementor-hidden-mobile\" data-id=\"e1a9776\" data-element_type=\"column\" data-e-type=\"column\">\n\t\t\t<div class=\"elementor-widget-wrap elementor-element-populated\">\n\t\t\t\t\t\t<div class=\"elementor-element elementor-element-d79ccf1 elementor-widget__width-initial elementor-widget elementor-widget-image\" data-id=\"d79ccf1\" data-element_type=\"widget\" data-e-type=\"widget\" data-widget_type=\"image.default\">\n\t\t\t\t<div class=\"elementor-widget-container\">\n\t\t\t\t\t\t\t\t\t\t\t\t\t\t\t<img fetchpriority=\"high\" decoding=\"async\" width=\"950\" height=\"1024\" src=\"https:\/\/autodavid.com\/wp-content\/uploads\/2023\/06\/mechanic-5189055_1280-1-950x1024.jpg\" class=\"attachment-large size-large wp-image-3674\" alt=\"\" srcset=\"https:\/\/autodavid.com\/wp-content\/uploads\/2023\/06\/mechanic-5189055_1280-1-950x1024.jpg 950w, https:\/\/autodavid.com\/wp-content\/uploads\/2023\/06\/mechanic-5189055_1280-1-278x300.jpg 278w, https:\/\/autodavid.com\/wp-content\/uploads\/2023\/06\/mechanic-5189055_1280-1-768x827.jpg 768w, https:\/\/autodavid.com\/wp-content\/uploads\/2023\/06\/mechanic-5189055_1280-1-11x12.jpg 11w, https:\/\/autodavid.com\/wp-content\/uploads\/2023\/06\/mechanic-5189055_1280-1-327x352.jpg 327w, https:\/\/autodavid.com\/wp-content\/uploads\/2023\/06\/mechanic-5189055_1280-1.jpg 1188w\" sizes=\"(max-width: 950px) 100vw, 950px\" \/>\t\t\t\t\t\t\t\t\t\t\t\t\t\t\t<\/div>\n\t\t\t\t<\/div>\n\t\t\t\t<div class=\"elementor-element elementor-element-1b1677e elementor-widget elementor-widget-heading\" data-id=\"1b1677e\" data-element_type=\"widget\" data-e-type=\"widget\" data-widget_type=\"heading.default\">\n\t\t\t\t<div class=\"elementor-widget-container\">\n\t\t\t\t\t<h2 class=\"elementor-heading-title elementor-size-small\">dfgdfgdfg<\/h2>\t\t\t\t<\/div>\n\t\t\t\t<\/div>\n\t\t\t\t<div class=\"elementor-element elementor-element-ca71467 elementor-widget elementor-widget-motors-info\" data-id=\"ca71467\" data-element_type=\"widget\" data-e-type=\"widget\" data-widget_type=\"motors-info.default\">\n\t\t\t\t<div class=\"elementor-widget-container\">\n\t\t\t\t\t<div class=\"listing-infos-wrap\">\n\t<div class=\"title_wrap\">\n\t\t<i aria-hidden=\"true\" class=\"stmicon- stm-icon-calendar\"><\/i>\t\t<h5 class=\"title\">HEURES D&#039;OUVERTURE<\/h5>\n\t<\/div>\n\t<div class=\"info-list-wrap\">\n\t\t<ul><li><span class=\"item-title\">Dimanche<\/span><span class=\"item-value\">Ferm\u00e9<\/span><\/li><li><span class=\"item-title\">Lundi<\/span><span class=\"item-value\">8h30 - 18h30<\/span><\/li><li><span class=\"item-title\">Mardi<\/span><span class=\"item-value\">8h30 - 18h30<\/span><\/li><li><span class=\"item-title\">Mercredi\t<\/span><span class=\"item-value\">8h30 - 18h30<\/span><\/li><li><span class=\"item-title\">Jeudi<\/span><span class=\"item-value\">8h30 - 18h30<\/span><\/li><li><span class=\"item-title\">Vendredi<\/span><span class=\"item-value\">8h30 - 18h30<\/span><\/li><li><span class=\"item-title\">Samedi<\/span><span class=\"item-value\">9h00 - 19h00<\/span><\/li><\/ul>\t<\/div>\n<\/div>\n\t\t\t\t<\/div>\n\t\t\t\t<\/div>\n\t\t\t\t\t<\/div>\n\t\t<\/div>\n\t\t\t\t\t<\/div>\n\t\t<\/section>\n\t\t\t\t<section class=\"elementor-section elementor-top-section elementor-element elementor-element-de533bf elementor-section-stretched elementor-section-boxed elementor-section-height-default elementor-section-height-default\" data-id=\"de533bf\" data-element_type=\"section\" data-e-type=\"section\" data-settings=\"{&quot;stretch_section&quot;:&quot;section-stretched&quot;,&quot;background_background&quot;:&quot;classic&quot;}\">\n\t\t\t\t\t\t<div class=\"elementor-container elementor-column-gap-default\">\n\t\t\t\t\t<div class=\"elementor-column elementor-col-100 elementor-top-column elementor-element elementor-element-aa58f5c\" data-id=\"aa58f5c\" data-element_type=\"column\" data-e-type=\"column\">\n\t\t\t<div class=\"elementor-widget-wrap elementor-element-populated\">\n\t\t\t\t\t\t<section class=\"elementor-section elementor-inner-section elementor-element elementor-element-2a99579 elementor-section-boxed elementor-section-height-default elementor-section-height-default\" data-id=\"2a99579\" data-element_type=\"section\" data-e-type=\"section\">\n\t\t\t\t\t\t<div class=\"elementor-container elementor-column-gap-default\">\n\t\t\t\t\t<div class=\"elementor-column elementor-col-50 elementor-inner-column elementor-element elementor-element-cd4168a\" data-id=\"cd4168a\" data-element_type=\"column\" data-e-type=\"column\">\n\t\t\t<div class=\"elementor-widget-wrap elementor-element-populated\">\n\t\t\t\t\t\t<div class=\"elementor-element elementor-element-fa9d8fe elementor-position-inline-start elementor-view-default elementor-mobile-position-block-start elementor-widget elementor-widget-icon-box\" data-id=\"fa9d8fe\" data-element_type=\"widget\" data-e-type=\"widget\" data-widget_type=\"icon-box.default\">\n\t\t\t\t<div class=\"elementor-widget-container\">\n\t\t\t\t\t\t\t<div class=\"elementor-icon-box-wrapper\">\n\n\t\t\t\t\t\t<div class=\"elementor-icon-box-icon\">\n\t\t\t\t<span  class=\"elementor-icon\">\n\t\t\t\t<i aria-hidden=\"true\" class=\"stmicon- stm-icon-question\"><\/i>\t\t\t\t<\/span>\n\t\t\t<\/div>\n\t\t\t\n\t\t\t\t\t\t<div class=\"elementor-icon-box-content\">\n\n\t\t\t\t\t\t\t\t\t<h3 class=\"elementor-icon-box-title\">\n\t\t\t\t\t\t<span  >\n\t\t\t\t\t\t\tVous avez une question\u00a0? Appelez aujourd&#039;hui!\t\t\t\t\t\t<\/span>\n\t\t\t\t\t<\/h3>\n\t\t\t\t\n\t\t\t\t\n\t\t\t<\/div>\n\t\t\t\n\t\t<\/div>\n\t\t\t\t\t\t<\/div>\n\t\t\t\t<\/div>\n\t\t\t\t\t<\/div>\n\t\t<\/div>\n\t\t\t\t<div class=\"elementor-column elementor-col-50 elementor-inner-column elementor-element elementor-element-6e22fcb\" data-id=\"6e22fcb\" data-element_type=\"column\" data-e-type=\"column\">\n\t\t\t<div class=\"elementor-widget-wrap elementor-element-populated\">\n\t\t\t\t\t\t<div class=\"elementor-element elementor-element-91c43af elementor-position-inline-start elementor-view-default elementor-mobile-position-block-start elementor-widget elementor-widget-icon-box\" data-id=\"91c43af\" data-element_type=\"widget\" data-e-type=\"widget\" data-widget_type=\"icon-box.default\">\n\t\t\t\t<div class=\"elementor-widget-container\">\n\t\t\t\t\t\t\t<div class=\"elementor-icon-box-wrapper\">\n\n\t\t\t\t\t\t<div class=\"elementor-icon-box-icon\">\n\t\t\t\t<span  class=\"elementor-icon\">\n\t\t\t\t<i aria-hidden=\"true\" class=\"stmicon- stm-icon-phone2\"><\/i>\t\t\t\t<\/span>\n\t\t\t<\/div>\n\t\t\t\n\t\t\t\t\t\t<div class=\"elementor-icon-box-content\">\n\n\t\t\t\t\t\t\t\t\t<h3 class=\"elementor-icon-box-title\">\n\t\t\t\t\t\t<span  >\n\t\t\t\t\t\t\t450-465-1211\t\t\t\t\t\t<\/span>\n\t\t\t\t\t<\/h3>\n\t\t\t\t\n\t\t\t\t\n\t\t\t<\/div>\n\t\t\t\n\t\t<\/div>\n\t\t\t\t\t\t<\/div>\n\t\t\t\t<\/div>\n\t\t\t\t\t<\/div>\n\t\t<\/div>\n\t\t\t\t\t<\/div>\n\t\t<\/section>\n\t\t\t\t\t<\/div>\n\t\t<\/div>\n\t\t\t\t\t<\/div>\n\t\t<\/section>\n\t\t\t\t<section class=\"elementor-section elementor-top-section elementor-element elementor-element-351b7cf elementor-section-full_width elementor-section-stretched elementor-section-height-default elementor-section-height-default\" data-id=\"351b7cf\" data-element_type=\"section\" data-e-type=\"section\" data-settings=\"{&quot;stretch_section&quot;:&quot;section-stretched&quot;}\">\n\t\t\t\t\t\t<div class=\"elementor-container elementor-column-gap-default\">\n\t\t\t\t\t<div class=\"elementor-column elementor-col-100 elementor-top-column elementor-element elementor-element-09d923a\" data-id=\"09d923a\" data-element_type=\"column\" data-e-type=\"column\" data-settings=\"{&quot;background_background&quot;:&quot;classic&quot;}\">\n\t\t\t<div class=\"elementor-widget-wrap elementor-element-populated\">\n\t\t\t\t\t\t<section class=\"elementor-section elementor-inner-section elementor-element elementor-element-e3505a0 elementor-section-full_width elementor-section-height-default elementor-section-height-default\" data-id=\"e3505a0\" data-element_type=\"section\" data-e-type=\"section\">\n\t\t\t\t\t\t<div class=\"elementor-container elementor-column-gap-default\">\n\t\t\t\t\t<div class=\"elementor-column elementor-col-50 elementor-inner-column elementor-element elementor-element-6aac4b0 elementor-invisible\" data-id=\"6aac4b0\" data-element_type=\"column\" data-e-type=\"column\" data-settings=\"{&quot;animation&quot;:&quot;fadeIn&quot;}\">\n\t\t\t<div class=\"elementor-widget-wrap elementor-element-populated\">\n\t\t\t\t\t\t<div class=\"elementor-element elementor-element-ace20c7 elementor-invisible elementor-widget elementor-widget-stm-icon-box\" data-id=\"ace20c7\" data-element_type=\"widget\" data-e-type=\"widget\" data-settings=\"{&quot;_animation&quot;:&quot;fadeIn&quot;}\" data-widget_type=\"stm-icon-box.default\">\n\t\t\t\t<div class=\"elementor-widget-container\">\n\t\t\t\t\t\n\t<div class=\"icon-box stm-layout-box-car_dealer  no-icon\">\n\t\t<div class=\"boat-line\"><\/div>\n\t\t\t\t<div class=\"icon-text\">\n\t\t\t\t\t\t<h2 class=\"title heading-font\">\n\t\t\t\tCONTACT\t\t<\/h2>\n\t\t\t\t\t\t<div class=\"content heading-font\">\n\t\t\t\t<div class=\"content heading-font\"><p><b>T\u00e9l\u00e9phone : <\/b>450-465-1211<\/p><p><b>Adresse<\/b>\u00a0: 300 rue Saint-Louis, LeMoyne, QC, J4R 2L6<\/p><p><b>Courriel<\/b> : info@autodavid.com<\/p><\/div>\t\t\t<\/div>\n\t\t\t\t\t<\/div>\n\t\t<\/div>\n\n\t\t\t\t\t<\/div>\n\t\t\t\t<\/div>\n\t\t\t\t\t<\/div>\n\t\t<\/div>\n\t\t\t\t<div class=\"elementor-column elementor-col-50 elementor-inner-column elementor-element elementor-element-be6350c elementor-hidden-tablet elementor-hidden-mobile\" data-id=\"be6350c\" data-element_type=\"column\" data-e-type=\"column\">\n\t\t\t<div class=\"elementor-widget-wrap elementor-element-populated\">\n\t\t\t\t\t\t<div class=\"elementor-element elementor-element-02a1f01 elementor-widget__width-initial elementor-widget elementor-widget-google_maps\" data-id=\"02a1f01\" data-element_type=\"widget\" data-e-type=\"widget\" data-widget_type=\"google_maps.default\">\n\t\t\t\t<div class=\"elementor-widget-container\">\n\t\t\t\t\t\t\t<div class=\"elementor-custom-embed\">\n\t\t\t<iframe loading=\"lazy\"\n\t\t\t\t\tsrc=\"https:\/\/maps.google.com\/maps?q=300%20Rue%20Saint-Louis%2C%20LeMoyne%2C%20QC%20J4R%202L6&#038;t=m&#038;z=10&#038;output=embed&#038;iwloc=near\"\n\t\t\t\t\ttitle=\"300 Rue Saint-Louis, LeMoyne, QC J4R 2L6\"\n\t\t\t\t\taria-label=\"300 Rue Saint-Louis, LeMoyne, QC J4R 2L6\"\n\t\t\t><\/iframe>\n\t\t<\/div>\n\t\t\t\t\t\t<\/div>\n\t\t\t\t<\/div>\n\t\t\t\t\t<\/div>\n\t\t<\/div>\n\t\t\t\t\t<\/div>\n\t\t<\/section>\n\t\t\t\t\t<\/div>\n\t\t<\/div>\n\t\t\t\t\t<\/div>\n\t\t<\/section>\n\t\t\t\t<\/div>","protected":false},"excerpt":{"rendered":"<p>CENTRE DE SERVICE Avec plus de 25 ans d&#039;exp\u00e9rience, notre centre de service offre des diagnostics et des r\u00e9parations de qualit\u00e9 \u00e0 des prix raisonnables. Pour plus d&#039;informations, demandez un devis. Laissez-nous votre nom et votre num\u00e9ro de t\u00e9l\u00e9phone, l&#039;ann\u00e9e, la marque et le mod\u00e8le de votre v\u00e9hicule, ainsi qu&#039;une description de la r\u00e9paration. Nous vous r\u00e9pondrons dans les plus brefs d\u00e9lais.<\/p>","protected":false},"author":1,"featured_media":0,"parent":0,"menu_order":0,"comment_status":"closed","ping_status":"closed","template":"","meta":{"footnotes":""},"class_list":["post-477","page","type-page","status-publish","hentry"],"_links":{"self":[{"href":"https:\/\/autodavid.com\/fr\/wp-json\/wp\/v2\/pages\/477","targetHints":{"allow":["GET"]}}],"collection":[{"href":"https:\/\/autodavid.com\/fr\/wp-json\/wp\/v2\/pages"}],"about":[{"href":"https:\/\/autodavid.com\/fr\/wp-json\/wp\/v2\/types\/page"}],"author":[{"embeddable":true,"href":"https:\/\/autodavid.com\/fr\/wp-json\/wp\/v2\/users\/1"}],"replies":[{"embeddable":true,"href":"https:\/\/autodavid.com\/fr\/wp-json\/wp\/v2\/comments?post=477"}],"version-history":[{"count":39,"href":"https:\/\/autodavid.com\/fr\/wp-json\/wp\/v2\/pages\/477\/revisions"}],"predecessor-version":[{"id":3746,"href":"https:\/\/autodavid.com\/fr\/wp-json\/wp\/v2\/pages\/477\/revisions\/3746"}],"wp:attachment":[{"href":"https:\/\/autodavid.com\/fr\/wp-json\/wp\/v2\/media?parent=477"}],"curies":[{"name":"wp","href":"https:\/\/api.w.org\/{rel}","templated":true}]}}