{"id":3630,"date":"2023-06-28T15:54:31","date_gmt":"2023-06-28T15:54:31","guid":{"rendered":"https:\/\/autodavid.com\/?page_id=3630"},"modified":"2023-07-07T18:44:28","modified_gmt":"2023-07-07T18:44:28","slug":"parts-inventory","status":"publish","type":"page","link":"https:\/\/autodavid.com\/fr\/parts-inventory","title":{"rendered":"D\u00e9partement de pi\u00e8ces"},"content":{"rendered":"<div data-elementor-type=\"wp-page\" data-elementor-id=\"3630\" class=\"elementor elementor-3630\">\n\t\t\t\t\t\t<section class=\"elementor-section elementor-top-section elementor-element elementor-element-6051c8b elementor-section-boxed elementor-section-height-default elementor-section-height-default\" data-id=\"6051c8b\" data-element_type=\"section\" data-e-type=\"section\">\n\t\t\t\t\t\t<div class=\"elementor-container elementor-column-gap-default\">\n\t\t\t\t\t<div class=\"elementor-column elementor-col-66 elementor-top-column elementor-element elementor-element-f2fae89\" data-id=\"f2fae89\" data-element_type=\"column\" data-e-type=\"column\">\n\t\t\t<div class=\"elementor-widget-wrap elementor-element-populated\">\n\t\t\t\t\t\t<div class=\"elementor-element elementor-element-56edb18 elementor-widget elementor-widget-text-editor\" data-id=\"56edb18\" data-element_type=\"widget\" data-e-type=\"widget\" data-widget_type=\"text-editor.default\">\n\t\t\t\t<div class=\"elementor-widget-container\">\n\t\t\t\t\t\t\t\t\t<h2><span style=\"color: #cc6119;\">D\u00c9PARTEMENT\u00a0<\/span>DE PI\u00c8CES<\/h2>\t\t\t\t\t\t\t\t<\/div>\n\t\t\t\t<\/div>\n\t\t\t\t<div class=\"elementor-element elementor-element-76fb33a elementor-widget elementor-widget-text-editor\" data-id=\"76fb33a\" data-element_type=\"widget\" data-e-type=\"widget\" data-widget_type=\"text-editor.default\">\n\t\t\t\t<div class=\"elementor-widget-container\">\n\t\t\t\t\t\t\t\t\t<p>Profitez de notre vaste r\u00e9seau de fournisseurs de carrosseries et de pi\u00e8ces m\u00e9caniques neuves et d&#039;occasion pour vous fournir des produits de qualit\u00e9 sup\u00e9rieure \u00e0 des prix raisonnables. Demandez un devis pour plus d&#039;informations.<\/p>\t\t\t\t\t\t\t\t<\/div>\n\t\t\t\t<\/div>\n\t\t\t\t<div class=\"elementor-element elementor-element-45f01ac elementor-widget elementor-widget-stm-contact-form-seven\" data-id=\"45f01ac\" data-element_type=\"widget\" data-e-type=\"widget\" data-widget_type=\"stm-contact-form-seven.default\">\n\t\t\t\t<div class=\"elementor-widget-container\">\n\t\t\t\t\t\n<div class=\"stm-elementor-contact-form-seven\" id=\"single_contact_form_83822\">\n\t<div class=\"icon-title\">\n\t\t\t<\/div>\n\n\t\n\t\n<div class=\"wpcf7 no-js\" id=\"wpcf7-f7-o1\" lang=\"en-US\" dir=\"ltr\" data-wpcf7-id=\"7\">\n<div class=\"screen-reader-response\"><p role=\"status\" aria-live=\"polite\" aria-atomic=\"true\"><\/p> <ul><\/ul><\/div>\n<form action=\"\/fr\/wp-json\/wp\/v2\/pages\/3630#wpcf7-f7-o1\" method=\"post\" class=\"wpcf7-form init\" aria-label=\"Formulaire de contact\" novalidate=\"novalidate\" data-status=\"init\" data-trp-original-action=\"\/fr\/wp-json\/wp\/v2\/pages\/3630#wpcf7-f7-o1\">\n<fieldset class=\"hidden-fields-container\"><input type=\"hidden\" name=\"_wpcf7\" value=\"7\" \/><input type=\"hidden\" name=\"_wpcf7_version\" value=\"6.1.5\" \/><input type=\"hidden\" name=\"_wpcf7_locale\" value=\"en_US\" \/><input type=\"hidden\" name=\"_wpcf7_unit_tag\" value=\"wpcf7-f7-o1\" \/><input type=\"hidden\" name=\"_wpcf7_container_post\" value=\"0\" \/><input type=\"hidden\" name=\"_wpcf7_posted_data_hash\" value=\"\" \/>\n<\/fieldset>\n<label> Nom\n    <span class=\"wpcf7-form-control-wrap\" data-name=\"your-name\"><input size=\"40\" maxlength=\"400\" class=\"wpcf7-form-control wpcf7-text wpcf7-validates-as-required\" autocomplete=\"name\" aria-required=\"true\" aria-invalid=\"false\" value=\"\" type=\"text\" name=\"your-name\" \/><\/span> <\/label>\n\n<label> Courriel\n    <span class=\"wpcf7-form-control-wrap\" data-name=\"your-email\"><input size=\"40\" maxlength=\"400\" class=\"wpcf7-form-control wpcf7-email wpcf7-validates-as-required wpcf7-text wpcf7-validates-as-email\" autocomplete=\"email\" aria-required=\"true\" aria-invalid=\"false\" value=\"\" type=\"email\" name=\"your-email\" \/><\/span> <\/label>\n\n<label> Sujet\n    <span class=\"wpcf7-form-control-wrap\" data-name=\"your-subject\"><input size=\"40\" maxlength=\"400\" class=\"wpcf7-form-control wpcf7-text wpcf7-validates-as-required\" aria-required=\"true\" aria-invalid=\"false\" value=\"\" type=\"text\" name=\"your-subject\" \/><\/span> <\/label>\n\n<label> Message\n    <span class=\"wpcf7-form-control-wrap\" data-name=\"your-message\"><textarea cols=\"40\" rows=\"10\" maxlength=\"2000\" class=\"wpcf7-form-control wpcf7-textarea\" aria-invalid=\"false\" name=\"your-message\"><\/textarea><\/span> <\/label>\n\n<input class=\"wpcf7-form-control wpcf7-submit has-spinner\" type=\"submit\" value=\"Envoyer\" \/><div class=\"wpcf7-response-output\" aria-hidden=\"true\"><\/div>\n<input type=\"hidden\" name=\"trp-form-language\" value=\"fr\"\/><\/form>\n<\/div>\n\t<\/div>\n\n\t\t\t\t<\/div>\n\t\t\t\t<\/div>\n\t\t\t\t\t<\/div>\n\t\t<\/div>\n\t\t\t\t<div class=\"elementor-column elementor-col-33 elementor-top-column elementor-element elementor-element-91e6bd4 elementor-hidden-tablet elementor-hidden-mobile\" data-id=\"91e6bd4\" data-element_type=\"column\" data-e-type=\"column\">\n\t\t\t<div class=\"elementor-widget-wrap elementor-element-populated\">\n\t\t\t\t\t\t<div class=\"elementor-element elementor-element-83b673b elementor-widget__width-initial elementor-widget elementor-widget-image\" data-id=\"83b673b\" data-element_type=\"widget\" data-e-type=\"widget\" data-widget_type=\"image.default\">\n\t\t\t\t<div class=\"elementor-widget-container\">\n\t\t\t\t\t\t\t\t\t\t\t\t\t\t\t<img decoding=\"async\" src=\"https:\/\/motors.stylemixstage.com\/elementor-dealer-one\/wp-content\/uploads\/sites\/27\/2015\/11\/service-1-22.jpg\" title=\"\" alt=\"\" loading=\"lazy\" \/>\t\t\t\t\t\t\t\t\t\t\t\t\t\t\t<\/div>\n\t\t\t\t<\/div>\n\t\t\t\t<div class=\"elementor-element elementor-element-373b81e elementor-widget elementor-widget-image\" data-id=\"373b81e\" data-element_type=\"widget\" data-e-type=\"widget\" data-widget_type=\"image.default\">\n\t\t\t\t<div class=\"elementor-widget-container\">\n\t\t\t\t\t\t\t\t\t\t\t\t\t\t\t<img decoding=\"async\" src=\"https:\/\/motors.stylemixstage.com\/elementor-dealer-one\/wp-content\/uploads\/sites\/27\/2015\/11\/service-12.jpg\" title=\"\" alt=\"\" loading=\"lazy\" \/>\t\t\t\t\t\t\t\t\t\t\t\t\t\t\t<\/div>\n\t\t\t\t<\/div>\n\t\t\t\t<div class=\"elementor-element elementor-element-bb7eb1b elementor-widget elementor-widget-motors-info\" data-id=\"bb7eb1b\" data-element_type=\"widget\" data-e-type=\"widget\" data-widget_type=\"motors-info.default\">\n\t\t\t\t<div class=\"elementor-widget-container\">\n\t\t\t\t\t<div class=\"listing-infos-wrap\">\n\t<div class=\"title_wrap\">\n\t\t<i aria-hidden=\"true\" class=\"stmicon- stm-icon-calendar\"><\/i>\t\t<h5 class=\"title\">HEURES D&#039;OUVERTURE<\/h5>\n\t<\/div>\n\t<div class=\"info-list-wrap\">\n\t\t<ul><li><span class=\"item-title\">Dimanche<\/span><span class=\"item-value\">Ferm\u00e9<\/span><\/li><li><span class=\"item-title\">Lundi<\/span><span class=\"item-value\">8h30 - 18h30<\/span><\/li><li><span class=\"item-title\">Mardi<\/span><span class=\"item-value\">8h30 - 18h30<\/span><\/li><li><span class=\"item-title\">Mercredi\t<\/span><span class=\"item-value\">8h30 - 18h30<\/span><\/li><li><span class=\"item-title\">Jeudi<\/span><span class=\"item-value\">8h30 - 18h30<\/span><\/li><li><span class=\"item-title\">Vendredi<\/span><span class=\"item-value\">8h30 - 18h30<\/span><\/li><li><span class=\"item-title\">Samedi<\/span><span class=\"item-value\">9h00 - 19h00<\/span><\/li><\/ul>\t<\/div>\n<\/div>\n\t\t\t\t<\/div>\n\t\t\t\t<\/div>\n\t\t\t\t\t<\/div>\n\t\t<\/div>\n\t\t\t\t\t<\/div>\n\t\t<\/section>\n\t\t\t\t<section class=\"elementor-section elementor-top-section elementor-element elementor-element-80cb586 elementor-section-full_width elementor-section-stretched elementor-section-height-default elementor-section-height-default\" data-id=\"80cb586\" data-element_type=\"section\" data-e-type=\"section\" data-settings=\"{&quot;stretch_section&quot;:&quot;section-stretched&quot;}\">\n\t\t\t\t\t\t<div class=\"elementor-container elementor-column-gap-default\">\n\t\t\t\t\t<div class=\"elementor-column elementor-col-100 elementor-top-column elementor-element elementor-element-13f1435\" data-id=\"13f1435\" data-element_type=\"column\" data-e-type=\"column\" data-settings=\"{&quot;background_background&quot;:&quot;classic&quot;}\">\n\t\t\t<div class=\"elementor-widget-wrap elementor-element-populated\">\n\t\t\t\t\t\t<section class=\"elementor-section elementor-inner-section elementor-element elementor-element-b7f4f24 elementor-section-full_width elementor-section-height-default elementor-section-height-default\" data-id=\"b7f4f24\" data-element_type=\"section\" data-e-type=\"section\">\n\t\t\t\t\t\t<div class=\"elementor-container elementor-column-gap-default\">\n\t\t\t\t\t<div class=\"elementor-column elementor-col-50 elementor-inner-column elementor-element elementor-element-df83b2f elementor-invisible\" data-id=\"df83b2f\" data-element_type=\"column\" data-e-type=\"column\" data-settings=\"{&quot;animation&quot;:&quot;fadeIn&quot;}\">\n\t\t\t<div class=\"elementor-widget-wrap elementor-element-populated\">\n\t\t\t\t\t\t<div class=\"elementor-element elementor-element-5d70a06 elementor-invisible elementor-widget elementor-widget-stm-icon-box\" data-id=\"5d70a06\" data-element_type=\"widget\" data-e-type=\"widget\" data-settings=\"{&quot;_animation&quot;:&quot;fadeIn&quot;}\" data-widget_type=\"stm-icon-box.default\">\n\t\t\t\t<div class=\"elementor-widget-container\">\n\t\t\t\t\t\n\t<div class=\"icon-box stm-layout-box-car_dealer  no-icon\">\n\t\t<div class=\"boat-line\"><\/div>\n\t\t\t\t<div class=\"icon-text\">\n\t\t\t\t\t\t<h2 class=\"title heading-font\">\n\t\t\t\tCONTACT\t\t<\/h2>\n\t\t\t\t\t\t<div class=\"content heading-font\">\n\t\t\t\t<div class=\"content heading-font\"><p><b>T\u00e9l\u00e9phone : <\/b>450-465-1211<\/p><p><b>Adresse<\/b>\u00a0: 300 rue Saint-Louis, LeMoyne, QC, J4R 2L6<\/p><p><b>Courriel<\/b> : info@autodavid.com<\/p><\/div>\t\t\t<\/div>\n\t\t\t\t\t<\/div>\n\t\t<\/div>\n\n\t\t\t\t\t<\/div>\n\t\t\t\t<\/div>\n\t\t\t\t\t<\/div>\n\t\t<\/div>\n\t\t\t\t<div class=\"elementor-column elementor-col-50 elementor-inner-column elementor-element elementor-element-336f547 elementor-hidden-tablet elementor-hidden-mobile\" data-id=\"336f547\" data-element_type=\"column\" data-e-type=\"column\">\n\t\t\t<div class=\"elementor-widget-wrap elementor-element-populated\">\n\t\t\t\t\t\t<div class=\"elementor-element elementor-element-d32f3a6 elementor-widget__width-initial elementor-widget elementor-widget-google_maps\" data-id=\"d32f3a6\" data-element_type=\"widget\" data-e-type=\"widget\" data-widget_type=\"google_maps.default\">\n\t\t\t\t<div class=\"elementor-widget-container\">\n\t\t\t\t\t\t\t<div class=\"elementor-custom-embed\">\n\t\t\t<iframe loading=\"lazy\"\n\t\t\t\t\tsrc=\"https:\/\/maps.google.com\/maps?q=300%20Rue%20Saint-Louis%2C%20LeMoyne%2C%20QC%20J4R%202L6&#038;t=m&#038;z=10&#038;output=embed&#038;iwloc=near\"\n\t\t\t\t\ttitle=\"300 Rue Saint-Louis, LeMoyne, QC J4R 2L6\"\n\t\t\t\t\taria-label=\"300 Rue Saint-Louis, LeMoyne, QC J4R 2L6\"\n\t\t\t><\/iframe>\n\t\t<\/div>\n\t\t\t\t\t\t<\/div>\n\t\t\t\t<\/div>\n\t\t\t\t\t<\/div>\n\t\t<\/div>\n\t\t\t\t\t<\/div>\n\t\t<\/section>\n\t\t\t\t\t<\/div>\n\t\t<\/div>\n\t\t\t\t\t<\/div>\n\t\t<\/section>\n\t\t\t\t<\/div>","protected":false},"excerpt":{"rendered":"<p>CENTRE DE PI\u00c8CES Profitez de notre vaste r\u00e9seau de fournisseurs de pi\u00e8ces de carrosserie et de pi\u00e8ces m\u00e9caniques neuves et d&#039;occasion pour vous fournir des produits de qualit\u00e9 sup\u00e9rieure \u00e0 des prix raisonnables. Demandez un devis pour plus d&#039;informations. Votre nom Votre courriel Sujet Votre message (facultatif) HEURES D&#039;OUVERTURE DIMANCHEFERM\u00c9 LUNDI8 H 30 \u00c0 18 H 30 MARDI8 H 30 \u00c0 18 H 30 MERCREDI\u2026<\/p>","protected":false},"author":1,"featured_media":0,"parent":0,"menu_order":0,"comment_status":"closed","ping_status":"closed","template":"","meta":{"footnotes":""},"class_list":["post-3630","page","type-page","status-publish","hentry"],"_links":{"self":[{"href":"https:\/\/autodavid.com\/fr\/wp-json\/wp\/v2\/pages\/3630","targetHints":{"allow":["GET"]}}],"collection":[{"href":"https:\/\/autodavid.com\/fr\/wp-json\/wp\/v2\/pages"}],"about":[{"href":"https:\/\/autodavid.com\/fr\/wp-json\/wp\/v2\/types\/page"}],"author":[{"embeddable":true,"href":"https:\/\/autodavid.com\/fr\/wp-json\/wp\/v2\/users\/1"}],"replies":[{"embeddable":true,"href":"https:\/\/autodavid.com\/fr\/wp-json\/wp\/v2\/comments?post=3630"}],"version-history":[{"count":14,"href":"https:\/\/autodavid.com\/fr\/wp-json\/wp\/v2\/pages\/3630\/revisions"}],"predecessor-version":[{"id":3749,"href":"https:\/\/autodavid.com\/fr\/wp-json\/wp\/v2\/pages\/3630\/revisions\/3749"}],"wp:attachment":[{"href":"https:\/\/autodavid.com\/fr\/wp-json\/wp\/v2\/media?parent=3630"}],"curies":[{"name":"wp","href":"https:\/\/api.w.org\/{rel}","templated":true}]}}